{"id":18406,"date":"2026-03-10T10:38:53","date_gmt":"2026-03-10T09:38:53","guid":{"rendered":"https:\/\/www.terminal-systems.de\/wp\/?page_id=18406"},"modified":"2026-03-30T20:05:26","modified_gmt":"2026-03-30T18:05:26","slug":"ae-inventory-app","status":"publish","type":"page","link":"https:\/\/www.terminal-systems.de\/wp\/mobile1\/ae-inventory-app\/","title":{"rendered":"AEInventory"},"content":{"rendered":"\n<div class=\"wp-block-cover alignfull\" style=\"min-height:250px;aspect-ratio:unset;\"><span aria-hidden=\"true\" class=\"wp-block-cover__background has-background-dim-100 has-background-dim has-background-gradient has-midnight-gradient-background\"><\/span><div class=\"wp-block-cover__inner-container is-layout-constrained wp-block-cover-is-layout-constrained\">\n<h1 class=\"wp-block-heading has-text-align-center has-large-font-size\"><strong><strong>Inventur mit dem Smartphone<\/strong><\/strong><\/h1>\n<\/div><\/div>\n\n\n\n<div class=\"wp-block-group\"><div class=\"wp-block-group__inner-container is-layout-constrained wp-container-core-group-is-layout-c5279553 wp-block-group-is-layout-constrained\">\n<div class=\"wp-block-columns are-vertically-aligned-center is-layout-flex wp-container-core-columns-is-layout-9d6595d7 wp-block-columns-is-layout-flex\">\n<div class=\"wp-block-column is-vertically-aligned-center is-layout-flow wp-block-column-is-layout-flow\" style=\"flex-basis:58%\">\n<h2 class=\"wp-block-heading has-medium-font-size\"><strong>Inventur-App f\u00fcr Android \u2013 schnell, offline &amp; ohne Abo<\/strong><\/h2>\n\n\n\n<p><strong>Erfasse deine Inventur direkt mit dem Smartphone oder Barcode-Scanner.<\/strong><br>Ohne Cloud, ohne laufende Kosten \u2013 ideal f\u00fcr Lager, Handel und Service.<\/p>\n\n\n\n<div class=\"wp-block-buttons is-layout-flex wp-block-buttons-is-layout-flex\">\n<div class=\"wp-block-button\"><a class=\"wp-block-button__link has-accent-background-color has-background wp-element-button\" href=\"https:\/\/www.terminal-systems.de\/wp\/mobile1\/ae-inventory-app\/#download\">APK hier herunterladen<\/a><\/div>\n\n\n\n<div class=\"wp-block-button is-style-fill\"><a class=\"wp-block-button__link has-accent-background-color has-background wp-element-button\" href=\"https:\/\/play.google.com\/store\/apps\/details?id=de.terminalsystems.aeinventoryapp23\" target=\"_blank\" rel=\"noreferrer noopener\">Im Play Store ansehen<\/a><\/div>\n<\/div>\n\n\n\n<div style=\"height:24px\" aria-hidden=\"true\" class=\"wp-block-spacer\"><\/div>\n\n\n\n<h2 class=\"wp-block-heading\"><strong>Warum diese Inventur-App?<\/strong><\/h2>\n\n\n\n<ul class=\"wp-block-list\">\n<li>\u2714\ufe0f <strong>100% offline nutzbar<\/strong> \u2013 keine Internetverbindung n\u00f6tig<\/li>\n\n\n\n<li>\u2714\ufe0f <strong>Keine Cloud<\/strong> \u2013 deine Daten bleiben bei dir<\/li>\n\n\n\n<li>\u2714\ufe0f <strong>Einmal zahlen \u2013 keine Abo-Kosten<\/strong><\/li>\n\n\n\n<li>\u2714\ufe0f <strong>Barcode-Scanner &amp; Smartphone kompatibel<\/strong><\/li>\n\n\n\n<li>\u2714\ufe0f <strong>Einfache Daten\u00fcbertragung per Excel (XLS \/ CSV)<\/strong><\/li>\n<\/ul>\n<\/div>\n\n\n\n<div class=\"wp-block-column is-vertically-aligned-center is-layout-flow wp-block-column-is-layout-flow\" style=\"flex-basis:42%\">\n<figure class=\"wp-block-image size-large\"><img decoding=\"async\" src=\"https:\/\/www.terminal-systems.de\/images\/251211-inventurx800x533.jpg\" alt=\"Inventur mit dem Smartphone\"\/><\/figure>\n<\/div>\n<\/div>\n\n\n\n<div id=\"download\" class=\"wp-block-group has-base-2-background-color has-background\" style=\"border-radius:8px;padding-top:20px;padding-right:20px;padding-bottom:20px;padding-left:20px\"><div class=\"wp-block-group__inner-container is-layout-constrained wp-container-core-group-is-layout-553a78f1 wp-block-group-is-layout-constrained\">\n<h2 class=\"wp-block-heading\"><strong>Demo-Version laden \u2013 selbst ausprobieren<\/strong><\/h2>\n\n\n\n<p>Die Testversion kann kostenlos geladen und ausprobiert werden. Sie bietet den vollen Funktionsumfang, ist jedoch bei Datens\u00e4tzen und gespeicherten Mengen eingeschr\u00e4nkt.<\/p>\n\n\n\n<div class=\"wp-block-buttons is-layout-flex wp-block-buttons-is-layout-flex\">\n<div class=\"wp-block-button is-style-fill\"><a class=\"wp-block-button__link has-accent-background-color has-background wp-element-button\" href=\"https:\/\/www.terminal-systems.de\/android\/aeinventory\/aeinventoryapp.zip\">ZIP f\u00fcr Windows<\/a><\/div>\n\n\n\n<div class=\"wp-block-button\"><a class=\"wp-block-button__link has-accent-background-color has-background wp-element-button\" href=\"https:\/\/www.terminal-systems.de\/android\/aeinventory\/aeinventoryapp.apk\">Download APK f\u00fcr Android<\/a><\/div>\n\n\n\n<div class=\"wp-block-button is-style-fill\"><a class=\"wp-block-button__link has-accent-background-color has-background wp-element-button\" href=\"https:\/\/play.google.com\/store\/apps\/details?id=de.terminalsystems.aeinventoryapp23\" target=\"_blank\" rel=\"noreferrer noopener\">Im Google Play Store<\/a><\/div>\n<\/div>\n\n\n\n<p class=\"has-small-font-size\"><a href=\"https:\/\/www.terminal-systems.de\/wp\/android-app-apk-datei-installieren\/\" target=\"_blank\" rel=\"noreferrer noopener\">So gehts: Installationshinweise f. ZIP \u00bb<\/a><\/p>\n<\/div><\/div>\n\n\n\n<div style=\"height:30px\" aria-hidden=\"true\" class=\"wp-block-spacer\"><\/div>\n\n\n\n<h2 class=\"wp-block-heading\"><strong>Typische Einsatzbereiche<\/strong><\/h2>\n\n\n\n<ul class=\"wp-block-list\">\n<li>\ud83d\udce6 Lager &amp; Inventur<\/li>\n\n\n\n<li>\ud83c\udfea Einzelhandel<\/li>\n\n\n\n<li>\ud83d\udd27 Service &amp; Au\u00dfendienst<\/li>\n\n\n\n<li>\ud83c\udfed Produktion &amp; Betriebsmittelverwaltung<\/li>\n<\/ul>\n\n\n\n<div style=\"height:30px\" aria-hidden=\"true\" class=\"wp-block-spacer\"><\/div>\n\n\n\n<h2 class=\"wp-block-heading\"><strong>Funktionen auf einen Blick<\/strong><\/h2>\n\n\n\n<div class=\"wp-block-columns is-layout-flex wp-container-core-columns-is-layout-9d6595d7 wp-block-columns-is-layout-flex\">\n<div class=\"wp-block-column is-layout-flow wp-block-column-is-layout-flow\">\n<div class=\"wp-block-group has-border-color\" style=\"border-color:#e5e7eb;border-width:1px;border-radius:8px;padding-top:18px;padding-right:18px;padding-bottom:18px;padding-left:18px\"><div class=\"wp-block-group__inner-container is-layout-constrained wp-container-core-group-is-layout-807400c4 wp-block-group-is-layout-constrained\">\n<h3 class=\"wp-block-heading\">Mobile Erfassung<\/h3>\n\n\n\n<p>Warenbewegungen direkt im Lager oder vor Ort erfassen \u2013 schnell, mobil und einfach.<\/p>\n<\/div><\/div>\n<\/div>\n\n\n\n<div class=\"wp-block-column is-layout-flow wp-block-column-is-layout-flow\">\n<div class=\"wp-block-group has-border-color\" style=\"border-color:#e5e7eb;border-width:1px;border-radius:8px;padding-top:18px;padding-right:18px;padding-bottom:18px;padding-left:18px\"><div class=\"wp-block-group__inner-container is-layout-constrained wp-container-core-group-is-layout-807400c4 wp-block-group-is-layout-constrained\">\n<h3 class=\"wp-block-heading\">Barcode-Scanning<\/h3>\n\n\n\n<p>Barcodes und QR-Codes direkt mit der integrierten Smartphone-Kamera scannen.<\/p>\n<\/div><\/div>\n<\/div>\n\n\n\n<div class=\"wp-block-column is-layout-flow wp-block-column-is-layout-flow\">\n<div class=\"wp-block-group has-border-color\" style=\"border-color:#e5e7eb;border-width:1px;border-radius:8px;padding-top:18px;padding-right:18px;padding-bottom:18px;padding-left:18px\"><div class=\"wp-block-group__inner-container is-layout-constrained wp-container-core-group-is-layout-807400c4 wp-block-group-is-layout-constrained\">\n<h3 class=\"wp-block-heading\">Offline nutzbar<\/h3>\n\n\n\n<p>Die App funktioniert lokal offline. Online-Verbindungen sind nur f\u00fcr Datenaustausch oder Synchronisation n\u00f6tig.<\/p>\n<\/div><\/div>\n<\/div>\n<\/div>\n\n\n\n<div class=\"wp-block-columns is-layout-flex wp-container-core-columns-is-layout-9d6595d7 wp-block-columns-is-layout-flex\">\n<div class=\"wp-block-column is-layout-flow wp-block-column-is-layout-flow\">\n<div class=\"wp-block-group has-border-color\" style=\"border-color:#e5e7eb;border-width:1px;border-radius:8px;padding-top:18px;padding-right:18px;padding-bottom:18px;padding-left:18px\"><div class=\"wp-block-group__inner-container is-layout-constrained wp-container-core-group-is-layout-807400c4 wp-block-group-is-layout-constrained\">\n<h3 class=\"wp-block-heading\">Excel \/ Office Export<\/h3>\n\n\n\n<p>Alle Werte werden automatisch gespeichert und lassen sich f\u00fcr Office oder Excel weiterverarbeiten.<\/p>\n<\/div><\/div>\n<\/div>\n\n\n\n<div class=\"wp-block-column is-layout-flow wp-block-column-is-layout-flow\">\n<div class=\"wp-block-group has-border-color\" style=\"border-color:#e5e7eb;border-width:1px;border-radius:8px;padding-top:18px;padding-right:18px;padding-bottom:18px;padding-left:18px\"><div class=\"wp-block-group__inner-container is-layout-constrained wp-container-core-group-is-layout-807400c4 wp-block-group-is-layout-constrained\">\n<h3 class=\"wp-block-heading\">Upload von Artikellisten<\/h3>\n\n\n\n<p>Artikel, Texte, Lagerorte und Best\u00e4nde k\u00f6nnen hochgeladen und mit der App abgeglichen werden.<\/p>\n<\/div><\/div>\n<\/div>\n\n\n\n<div class=\"wp-block-column is-layout-flow wp-block-column-is-layout-flow\">\n<div class=\"wp-block-group has-border-color\" style=\"border-color:#e5e7eb;border-width:1px;border-radius:8px;padding-top:18px;padding-right:18px;padding-bottom:18px;padding-left:18px\"><div class=\"wp-block-group__inner-container is-layout-constrained wp-container-core-group-is-layout-807400c4 wp-block-group-is-layout-constrained\">\n<h3 class=\"wp-block-heading\">Intuitive Bedienung<\/h3>\n\n\n\n<p>F\u00fcr schnelles, einfaches und fehlerarmes Arbeiten bei Inventur und Bestandsf\u00fchrung.<\/p>\n<\/div><\/div>\n<\/div>\n<\/div>\n\n\n\n<div style=\"height:30px\" aria-hidden=\"true\" class=\"wp-block-spacer\"><\/div>\n\n\n\n<h2 class=\"wp-block-heading\"><strong>So funktioniert die App<\/strong><\/h2>\n\n\n\n<p>1. Artikel scannen oder manuell erfassen<br>2. Mengen eingeben<br>3. Daten als Excel-Datei exportieren<\/p>\n\n\n\n<div class=\"wp-block-columns are-vertically-aligned-top is-layout-flex wp-container-core-columns-is-layout-9d6595d7 wp-block-columns-is-layout-flex\">\n<div class=\"wp-block-column is-layout-flow wp-block-column-is-layout-flow\">\n<figure class=\"wp-block-image size-large\"><img decoding=\"async\" src=\"https:\/\/www.terminal-systems.de\/images\/screenshots\/221227-aeinvde_1.jpg\" alt=\"Hauptmen\u00fc der AE Inventory App\"\/><\/figure>\n\n\n\n<p class=\"has-text-align-center has-small-font-size\"><strong>Hauptmen\u00fc<\/strong><\/p>\n<\/div>\n\n\n\n<div class=\"wp-block-column is-layout-flow wp-block-column-is-layout-flow\">\n<figure class=\"wp-block-image size-large\"><img decoding=\"async\" src=\"https:\/\/www.terminal-systems.de\/images\/screenshots\/221227-aeinvde_liste.jpg\" alt=\"Artikelliste mit Bestandsdaten in der AE Inventory App\"\/><\/figure>\n\n\n\n<p class=\"has-text-align-center has-small-font-size\"><strong>Artikelliste mit Bestandsdaten<\/strong><\/p>\n<\/div>\n\n\n\n<div class=\"wp-block-column is-layout-flow wp-block-column-is-layout-flow\">\n<figure class=\"wp-block-image size-large\"><img decoding=\"async\" src=\"https:\/\/www.terminal-systems.de\/images\/screenshots\/221227-aeinvde_3.jpg\" alt=\"Warenbewegung mobil erfassen mit der AE Inventory App\"\/><\/figure>\n\n\n\n<p class=\"has-text-align-center has-small-font-size\"><strong>Warenbewegung erfassen<\/strong><\/p>\n<\/div>\n<\/div>\n\n\n\n<div class=\"wp-block-columns is-layout-flex wp-container-core-columns-is-layout-9d6595d7 wp-block-columns-is-layout-flex\">\n<div class=\"wp-block-column is-layout-flow wp-block-column-is-layout-flow\">\n<h2 class=\"wp-block-heading\"><strong>So startest du schnell<\/strong><\/h2>\n\n\n\n<ol class=\"wp-block-list\">\n<li>Android-Programm mit der Endung .APK herunterladen<\/li>\n\n\n\n<li>APK-Datei auf das Smartphone \u00fcbertragen<\/li>\n\n\n\n<li>Datei-Explorer \u00f6ffnen und Installation starten<\/li>\n\n\n\n<li>Android-Hinweise best\u00e4tigen und App installieren<\/li>\n\n\n\n<li>Programm starten und Daten erfassen<\/li>\n\n\n\n<li>Optional eine Artikelliste hochladen<\/li>\n<\/ol>\n<\/div>\n\n\n\n<div class=\"wp-block-column is-layout-flow wp-block-column-is-layout-flow\">\n<h2 class=\"wp-block-heading\"><strong>Video ansehen<\/strong><\/h2>\n\n\n\n<figure class=\"wp-block-image size-large\"><a href=\"https:\/\/www.terminal-systems.de\/wp\/wp-content\/uploads\/2023\/02\/20230227-AEInventorySmartphone.mp4\" target=\"_blank\" rel=\" noreferrer noopener\"><img decoding=\"async\" src=\"https:\/\/www.terminal-systems.de\/images\/screenshots\/260310-video.jpg\" alt=\"Video Inventur mit dem Smartphone\"\/><\/a><figcaption class=\"wp-element-caption\">Video ansehen<\/figcaption><\/figure>\n<\/div>\n<\/div>\n\n\n\n<div class=\"wp-block-group has-base-2-background-color has-background\" style=\"border-radius:8px;padding-top:18px;padding-right:18px;padding-bottom:18px;padding-left:18px\"><div class=\"wp-block-group__inner-container is-layout-constrained wp-container-core-group-is-layout-807400c4 wp-block-group-is-layout-constrained\">\n<h3 class=\"wp-block-heading\"><strong>Offline-Datenerfassung<\/strong><\/h3>\n\n\n\n<p>Sofort mobil erfassen und die Daten anschlie\u00dfend mit dem PC-Bestand synchronisieren oder weiterverarbeiten.<\/p>\n\n\n\n<p>Optional: Artikelliste ins mobile Ger\u00e4t laden &#8211; so stehen Artikelinfos bei der Erfassung zur Verf\u00fcgung.<\/p>\n<\/div><\/div>\n\n\n\n<div style=\"height:30px\" aria-hidden=\"true\" class=\"wp-block-spacer\"><\/div>\n\n\n\n<h2 class=\"wp-block-heading\"><strong>Integration &amp; Datenformate<\/strong><\/h2>\n\n\n\n<p>Die App setzt auf offene Datenformate (XLS\/CSV). So kannst du Ergebnisse schnell in Excel auswerten oder Daten automatisiert in Systeme \u00fcbernehmen (Import\/SQL optional).<\/p>\n\n\n\n<ul class=\"wp-block-list\">\n<li>Export: <strong>XLS \/ CSV<\/strong><\/li>\n\n\n\n<li>Weiterverarbeitung: Office \/ Import \/ optional SQL<\/li>\n\n\n\n<li>Optional: Synchronisation mit<a href=\"https:\/\/www.terminal-systems.de\/wp\/lager1\/lagerverwaltungaewwslite\/\"> Lagerverwaltung AE WWSLite<\/a><\/li>\n<\/ul>\n\n\n\n<div class=\"wp-block-columns is-layout-flex wp-container-core-columns-is-layout-9d6595d7 wp-block-columns-is-layout-flex\">\n<div class=\"wp-block-column is-layout-flow wp-block-column-is-layout-flow\">\n<figure class=\"wp-block-image size-large\"><a href=\"https:\/\/www.terminal-systems.de\/images\/200517wincemobiledatensample.jpg\"><img decoding=\"async\" src=\"https:\/\/www.terminal-systems.de\/images\/200517wincemobiledatensample.jpg\" alt=\"Erfassungsdaten nach PC Import\"\/><\/a><figcaption class=\"wp-element-caption\">Erfassungsdaten nach PC Import<\/figcaption><\/figure>\n<\/div>\n\n\n\n<div class=\"wp-block-column is-layout-flow wp-block-column-is-layout-flow\">\n<figure class=\"wp-block-image size-large\"><a href=\"https:\/\/www.terminal-systems.de\/images\/screenshots\/210204xls1.jpg\"><img decoding=\"async\" src=\"https:\/\/www.terminal-systems.de\/images\/screenshots\/210204xls1.jpg\" alt=\"Mobile Erfassungsdaten in Excel\"\/><\/a><figcaption class=\"wp-element-caption\">Daten nach PC Import in Office \/ Excel<\/figcaption><\/figure>\n<\/div>\n\n\n\n<div class=\"wp-block-column is-layout-flow wp-block-column-is-layout-flow\"><\/div>\n<\/div>\n\n\n\n<div style=\"height:30px\" aria-hidden=\"true\" class=\"wp-block-spacer\"><\/div>\n\n\n\n<h2 class=\"wp-block-heading\"><strong>Deine Vorteile<\/strong><\/h2>\n\n\n\n<div class=\"wp-block-columns is-layout-flex wp-container-core-columns-is-layout-9d6595d7 wp-block-columns-is-layout-flex\">\n<div class=\"wp-block-column is-layout-flow wp-block-column-is-layout-flow\">\n<h3 class=\"wp-block-heading\">Mobilit\u00e4t<\/h3>\n\n\n\n<p>Erfasse deine Daten \u00fcberall und jederzeit.<\/p>\n<\/div>\n\n\n\n<div class=\"wp-block-column is-layout-flow wp-block-column-is-layout-flow\">\n<h3 class=\"wp-block-heading\">Kosteneffizienz<\/h3>\n\n\n\n<p>Reduziere Zeit und Fehler bei der Inventur.<\/p>\n<\/div>\n\n\n\n<div class=\"wp-block-column is-layout-flow wp-block-column-is-layout-flow\">\n<h3 class=\"wp-block-heading\">Datenzugriff<\/h3>\n\n\n\n<p>Verwalte deine Best\u00e4nde sicher und einfach.<\/p>\n<\/div>\n<\/div>\n\n\n\n<div class=\"wp-block-columns is-layout-flex wp-container-core-columns-is-layout-9d6595d7 wp-block-columns-is-layout-flex\">\n<div class=\"wp-block-column is-layout-flow wp-block-column-is-layout-flow\">\n<h3 class=\"wp-block-heading\">Kosteng\u00fcnstig<\/h3>\n\n\n\n<p>Nutze Android-Standardhardware statt zus\u00e4tzlicher Spezialger\u00e4te.<\/p>\n<\/div>\n\n\n\n<div class=\"wp-block-column is-layout-flow wp-block-column-is-layout-flow\">\n<h3 class=\"wp-block-heading\">F\u00fcr Android nutzbar<\/h3>\n\n\n\n<p>Verf\u00fcgbar f\u00fcr Android ab Version 8 und h\u00f6her.<\/p>\n<\/div>\n\n\n\n<div class=\"wp-block-column is-layout-flow wp-block-column-is-layout-flow\">\n<h3 class=\"wp-block-heading\">Flexible Synchronisation<\/h3>\n\n\n\n<p>Daten k\u00f6nnen zwischen mobilem Ger\u00e4t und PC einfach ausgetauscht und weiterverarbeitet werden.<\/p>\n<\/div>\n<\/div>\n\n\n\n<div style=\"height:30px\" aria-hidden=\"true\" class=\"wp-block-spacer\"><\/div>\n\n\n\n<h2 class=\"wp-block-heading\"><strong>H\u00e4ufige Fragen<\/strong><\/h2>\n\n\n\n<details class=\"wp-block-details is-layout-flow wp-block-details-is-layout-flow\"><summary>Was ist die AE Inventory App?<\/summary>\n<p>Die AE Inventory App ist eine Android-Anwendung zur mobilen Erfassung von Warenbewegungen (z. B. Inventur, Wareneingang, Warenausgang) direkt im Lager oder vor Ort<\/p>\n<\/details>\n\n\n\n<details class=\"wp-block-details is-layout-flow wp-block-details-is-layout-flow\"><summary>F\u00fcr welche Betriebssysteme ist die App verf\u00fcgbar?<\/summary>\n<p>Die App l\u00e4uft auf Android-Smartphones ab Version Android 8 und h\u00f6her.<\/p>\n<\/details>\n\n\n\n<details class=\"wp-block-details is-layout-flow wp-block-details-is-layout-flow\"><summary>Ben\u00f6tige ich spezielle Hardware?<\/summary>\n<p>Nein \u2013 du brauchst keine spezielle Hardware, da die App mit der integrierten Kamera des Smartphones Barcodes bzw. QR-Codes scannen kann.<\/p>\n<\/details>\n\n\n\n<details class=\"wp-block-details is-layout-flow wp-block-details-is-layout-flow\"><summary>Kann ich die App offline verwenden?<\/summary>\n<p>Ja, daf\u00fcr wurde die App entwickelt. So umgehst du zus\u00e4tzliche Kosten f\u00fcr die Cloud.<\/p>\n<\/details>\n\n\n\n<details class=\"wp-block-details is-layout-flow wp-block-details-is-layout-flow\"><summary>Gibt es eine Testversion?<\/summary>\n<p>Ja, auf dieser Seite befinden sich Links zum kostenlosen Download der Testversion. Diese kann voll umf\u00e4nglich genutzt werden, hat jedoch Einschr\u00e4nkungen bei der Anzahl der Datens\u00e4tze und bei den gespeicherten Mengen.<\/p>\n<\/details>\n\n\n\n<div style=\"height:30px\" aria-hidden=\"true\" class=\"wp-block-spacer\"><\/div>\n\n\n\n<div id=\"preise\" class=\"wp-block-group has-base-2-background-color has-background\" style=\"border-radius:8px;padding-top:22px;padding-right:22px;padding-bottom:22px;padding-left:22px\"><div class=\"wp-block-group__inner-container is-layout-constrained wp-container-core-group-is-layout-274a6eb6 wp-block-group-is-layout-constrained\">\n<h2 class=\"wp-block-heading\"><strong>Preise \/ Unser Angebot<\/strong><\/h2>\n\n\n\n<div class=\"wp-block-columns is-layout-flex wp-container-core-columns-is-layout-9d6595d7 wp-block-columns-is-layout-flex\">\n<div class=\"wp-block-column is-layout-flow wp-block-column-is-layout-flow\">\n<h3 class=\"wp-block-heading\">Demo \/ Testversion<\/h3>\n\n\n\n<p><strong>Kostenfrei<\/strong><\/p>\n\n\n\n<ul class=\"wp-block-list\">\n<li>Zum Testen und Probieren<\/li>\n\n\n\n<li>Voller Funktionsumfang<\/li>\n\n\n\n<li>Eingeschr\u00e4nktes Speichern und Demo-Meldungen<\/li>\n<\/ul>\n<\/div>\n\n\n\n<div class=\"wp-block-column is-layout-flow wp-block-column-is-layout-flow\">\n<h3 class=\"wp-block-heading\">Lizenz f\u00fcr 1 Android-Ger\u00e4t<\/h3>\n\n\n\n<p><strong>255 \u20ac einmalig pro Ger\u00e4t<\/strong><\/p>\n\n\n\n<ul class=\"wp-block-list\">\n<li>Unlimitierte Nutzung der App<\/li>\n\n\n\n<li>Kein Abo-Modell<\/li>\n\n\n\n<li>Offline-Funktion und Barcode-Scanner per Smartphone-Kamera<\/li>\n\n\n\n<li>Inkl. 12 Monate Support \/ Updates<\/li>\n<\/ul>\n<\/div>\n\n\n\n<div class=\"wp-block-column is-layout-flow wp-block-column-is-layout-flow\">\n<h3 class=\"wp-block-heading\">Lizenzpaket bis 5 Ger\u00e4te<\/h3>\n\n\n\n<p><strong>ab 980 \u20ac Paketpreis<\/strong><\/p>\n\n\n\n<ul class=\"wp-block-list\">\n<li>Zentrale Artikeldatenverwaltung<\/li>\n\n\n\n<li>Einrichtung &amp; einmalige Schulung (Remote)<\/li>\n\n\n\n<li>Inkl. 12 Monate Support \/ Updates<\/li>\n<\/ul>\n<\/div>\n<\/div>\n\n\n\n<p class=\"has-small-font-size\">Alle Preise netto zzgl. MwSt. Customized \u00c4nderungen nach Aufwand.<\/p>\n\n\n\n<div class=\"wp-block-buttons is-layout-flex wp-block-buttons-is-layout-flex\">\n<div class=\"wp-block-button\"><a class=\"wp-block-button__link has-accent-background-color has-background wp-element-button\" href=\"https:\/\/www.terminal-systems.de\/wp\/kontakt\/\">Hier Kontakt aufnehmen<\/a><\/div>\n<\/div>\n<\/div><\/div>\n\n\n\n<div style=\"height:30px\" aria-hidden=\"true\" class=\"wp-block-spacer\"><\/div>\n\n\n\n<h2 class=\"wp-block-heading\"><strong>Mehr Informationen<\/strong><\/h2>\n\n\n\n<ul class=\"wp-block-list\">\n<li><a href=\"https:\/\/www.terminal-systems.de\/android\/aeinventory\/doc-aeinventory23app-de.pdf\" target=\"_blank\" rel=\"noreferrer noopener\">Handbuch \/ Technische Dokumentation<\/a><\/li>\n\n\n\n<li><a href=\"https:\/\/www.terminal-systems.de\/android\/aeinventory\/readme_aeinventoryapp.pdf\" target=\"_blank\" rel=\"noreferrer noopener\">Readme \/ Update-Informationen<\/a><\/li>\n\n\n\n<li><a href=\"https:\/\/www.terminal-systems.de\/android\/aeinventory\/version.txt\" target=\"_blank\" rel=\"noreferrer noopener\">Aktuelle Version verf\u00fcgbar?<\/a><\/li>\n\n\n\n<li><a href=\"https:\/\/terminal-systems.de\/docs\/MobileInventur_Smartphone.pdf\" target=\"_blank\" rel=\"noreferrer noopener\">Info: Mobile Inventur mit Smartphone u. Excel<\/a><\/li>\n\n\n\n<li><a href=\"https:\/\/www.terminal-systems.de\/wp\/mobile1\/ae-inventory-app-2\/\">Mehr Infos &#8211; mehr Bilder &#8211; mehr  Daten &#8211; Seite 2.<\/a><\/li>\n<\/ul>\n\n\n\n<div class=\"wp-block-buttons is-layout-flex wp-block-buttons-is-layout-flex\">\n<div class=\"wp-block-button is-style-fill\"><a class=\"wp-block-button__link has-accent-background-color has-background wp-element-button\" href=\"https:\/\/www.terminal-systems.de\/wp\/lager1\/\">Mehr Anwendungen f\u00fcr Lager \/ Logistik<\/a><\/div>\n<\/div>\n<\/div><\/div>\n","protected":false},"excerpt":{"rendered":"<p>Inventur-App f\u00fcr Android \u2013 schnell, offline &amp; ohne Abo Erfasse deine Inventur direkt mit dem Smartphone oder Barcode-Scanner.Ohne Cloud, ohne laufende Kosten \u2013 ideal f\u00fcr Lager, Handel und Service. Warum diese Inventur-App? Demo-Version laden \u2013 selbst ausprobieren Die Testversion kann kostenlos geladen und ausprobiert werden. Sie bietet den vollen Funktionsumfang, ist jedoch bei Datens\u00e4tzen und &#8230; <a title=\"AEInventory\" class=\"read-more\" href=\"https:\/\/www.terminal-systems.de\/wp\/mobile1\/ae-inventory-app\/\" aria-label=\"Mehr dazu unter AEInventory\">Weiterlesen<\/a><\/p>\n","protected":false},"author":2,"featured_media":0,"parent":180,"menu_order":0,"comment_status":"closed","ping_status":"closed","template":"","meta":{"footnotes":""},"class_list":["post-18406","page","type-page","status-publish"],"_links":{"self":[{"href":"https:\/\/www.terminal-systems.de\/wp\/wp-json\/wp\/v2\/pages\/18406","targetHints":{"allow":["GET"]}}],"collection":[{"href":"https:\/\/www.terminal-systems.de\/wp\/wp-json\/wp\/v2\/pages"}],"about":[{"href":"https:\/\/www.terminal-systems.de\/wp\/wp-json\/wp\/v2\/types\/page"}],"author":[{"embeddable":true,"href":"https:\/\/www.terminal-systems.de\/wp\/wp-json\/wp\/v2\/users\/2"}],"replies":[{"embeddable":true,"href":"https:\/\/www.terminal-systems.de\/wp\/wp-json\/wp\/v2\/comments?post=18406"}],"version-history":[{"count":2,"href":"https:\/\/www.terminal-systems.de\/wp\/wp-json\/wp\/v2\/pages\/18406\/revisions"}],"predecessor-version":[{"id":18579,"href":"https:\/\/www.terminal-systems.de\/wp\/wp-json\/wp\/v2\/pages\/18406\/revisions\/18579"}],"up":[{"embeddable":true,"href":"https:\/\/www.terminal-systems.de\/wp\/wp-json\/wp\/v2\/pages\/180"}],"wp:attachment":[{"href":"https:\/\/www.terminal-systems.de\/wp\/wp-json\/wp\/v2\/media?parent=18406"}],"curies":[{"name":"wp","href":"https:\/\/api.w.org\/{rel}","templated":true}]}}