{"id":18037,"date":"2026-02-20T19:55:58","date_gmt":"2026-02-20T18:55:58","guid":{"rendered":"https:\/\/www.terminal-systems.de\/wp\/?page_id=18037"},"modified":"2026-04-10T12:44:25","modified_gmt":"2026-04-10T10:44:25","slug":"lagerverwaltungaewwslite","status":"publish","type":"page","link":"https:\/\/www.terminal-systems.de\/wp\/lager1\/lagerverwaltungaewwslite\/","title":{"rendered":"AEWWSLite"},"content":{"rendered":"\n<div class=\"wp-block-cover alignfull is-light\" style=\"min-height:250px;aspect-ratio:unset;\"><img loading=\"lazy\" decoding=\"async\" width=\"1800\" height=\"300\" class=\"wp-block-cover__image-background wp-image-18087 size-full\" alt=\"\" src=\"https:\/\/www.terminal-systems.de\/wp\/wp-content\/uploads\/2026\/02\/220217-lager.jpg\" data-object-fit=\"cover\" srcset=\"https:\/\/www.terminal-systems.de\/wp\/wp-content\/uploads\/2026\/02\/220217-lager.jpg 1800w, https:\/\/www.terminal-systems.de\/wp\/wp-content\/uploads\/2026\/02\/220217-lager-300x50.jpg 300w, https:\/\/www.terminal-systems.de\/wp\/wp-content\/uploads\/2026\/02\/220217-lager-1024x171.jpg 1024w, https:\/\/www.terminal-systems.de\/wp\/wp-content\/uploads\/2026\/02\/220217-lager-768x128.jpg 768w, https:\/\/www.terminal-systems.de\/wp\/wp-content\/uploads\/2026\/02\/220217-lager-1536x256.jpg 1536w\" sizes=\"auto, (max-width: 1800px) 100vw, 1800px\" \/><span aria-hidden=\"true\" class=\"wp-block-cover__background has-background-dim-0 has-background-dim\" style=\"background-color:#8a9784\"><\/span><div class=\"wp-block-cover__inner-container is-layout-constrained wp-block-cover-is-layout-constrained\">\n<p class=\"has-text-align-center has-large-font-size\"><\/p>\n<\/div><\/div>\n\n\n\n<h1 class=\"wp-block-heading\"><strong>Lagerverwaltung, die du sofort im Griff hast.<\/strong><\/h1>\n\n\n\n<div class=\"wp-block-columns is-layout-flex wp-container-core-columns-is-layout-9d6595d7 wp-block-columns-is-layout-flex\">\n<div class=\"wp-block-column is-layout-flow wp-block-column-is-layout-flow\"><style>.wp-block-kadence-advancedheading.kt-adv-heading18037_d5e052-b2, .wp-block-kadence-advancedheading.kt-adv-heading18037_d5e052-b2[data-kb-block=\"kb-adv-heading18037_d5e052-b2\"]{font-style:normal;}.wp-block-kadence-advancedheading.kt-adv-heading18037_d5e052-b2 mark.kt-highlight, .wp-block-kadence-advancedheading.kt-adv-heading18037_d5e052-b2[data-kb-block=\"kb-adv-heading18037_d5e052-b2\"] mark.kt-highlight{font-style:normal;color:#f76a0c;-webkit-box-decoration-break:clone;box-decoration-break:clone;padding-top:0px;padding-right:0px;padding-bottom:0px;padding-left:0px;}.wp-block-kadence-advancedheading.kt-adv-heading18037_d5e052-b2 img.kb-inline-image, .wp-block-kadence-advancedheading.kt-adv-heading18037_d5e052-b2[data-kb-block=\"kb-adv-heading18037_d5e052-b2\"] img.kb-inline-image{width:150px;vertical-align:baseline;}<\/style>\n<h2 class=\"kt-adv-heading18037_d5e052-b2 wp-block-kadence-advancedheading\" data-kb-block=\"kb-adv-heading18037_d5e052-b2\"><strong>Nie wieder Chaos im Lager.<\/strong><\/h2>\n\n\n\n<p><strong>Behalte jederzeit den \u00dcberblick \u00fcber deine Best\u00e4nde \u2013 schnell, einfach und ohne Excel-Frust.<\/strong><\/p>\n\n\n\n<p><strong>Kennst du das?<\/strong><\/p>\n\n\n\n<ul class=\"wp-block-list\">\n<li>Artikel verschwunden<\/li>\n\n\n\n<li>doppelt bestellt<\/li>\n\n\n\n<li>keiner wei\u00df, was noch da ist<\/li>\n<\/ul>\n\n\n\n<p>\ud83d\udc49 Dann brauchst du keine Tabellen mehr \u2013 sondern Struktur.<\/p>\n\n\n\n<p><strong>Mit AE WWS Lite hast du alles im Griff:<\/strong><\/p>\n\n\n\n<ul class=\"wp-block-list\">\n<li>Best\u00e4nde in Echtzeit<\/li>\n\n\n\n<li>Wareneingang &amp; -ausgang sofort erfasst<\/li>\n\n\n\n<li>Alles nachvollziehbar \u2013 jederzeit<\/li>\n<\/ul>\n\n\n\n<p><strong>Das bringt dir konkret:<\/strong><\/p>\n\n\n\n<ul class=\"wp-block-list\">\n<li>Weniger Suchzeit<\/li>\n\n\n\n<li>Weniger Fehlk\u00e4ufe<\/li>\n\n\n\n<li>Mehr Kontrolle im Alltag<\/li>\n<\/ul>\n\n\n\n<p>\ud83d\udc49<strong>Spart Zeit. Spart Geld. Spart Nerven.<\/strong><\/p>\n<\/div>\n\n\n\n<div class=\"wp-block-column is-layout-flow wp-block-column-is-layout-flow\">\n<figure class=\"wp-block-image size-large\"><img decoding=\"async\" src=\"https:\/\/www.terminal-systems.de\/images\/20260115-AEWWSLite-PCKonhzeptx1200x800.jpg\" alt=\"AE WWS Lite Lagerverwaltung f\u00fcr Lager Waren und Artikel\"\/><\/figure>\n\n\n\n<p class=\"has-small-font-size\">Produkt aus deutscher Entwicklung. Keine Cloud. Keine monatlichen Abo-Kosten.<\/p>\n\n\n\n<p><strong>Sofort einsatzbereit<\/strong> \u2013 klare Oberfl\u00e4che, schnelle Einrichtung<br><strong>Bestand immer aktuell<\/strong> \u2013 Zu-\/Abg\u00e4nge, Historie, Tracking<br><strong>Flexibel erweiterbar<\/strong> \u2013 Module &amp; Schnittstellen nach Bedarf<\/p>\n\n\n\n<p class=\"has-small-font-size\">Perfekt f\u00fcr:&nbsp;<strong>Einzelhandel \u2022 Gro\u00dfhandel \u2022 Handwerk \u2022 Produktion \u2022 Logistik \u2022 Verwaltung<\/strong><\/p>\n\n\n\n<p><strong>Einfach bedienbar<\/strong> schreiben alle. Wir sind es!<br>Kosteng\u00fcnstig schreiben viele. <strong>Bei uns startet ihr mit Kostenlos<\/strong>!<\/p>\n<\/div>\n<\/div>\n\n\n\n<div class=\"wp-block-group has-base-background-color has-background\"><div class=\"wp-block-group__inner-container is-layout-constrained wp-block-group-is-layout-constrained\">\n<div class=\"wp-block-buttons has-base-background-color has-background is-layout-flex wp-block-buttons-is-layout-flex\">\n<div class=\"wp-block-button\"><a class=\"wp-block-button__link has-accent-background-color has-background wp-element-button\" href=\"https:\/\/www.terminal-systems.de\/wp\/lager1\/lagerverwaltung-aktuell\/lagerverwaltung-software-download\/\">Kostenlose Starter Version probieren<\/a><\/div>\n\n\n\n<div class=\"wp-block-button\"><a class=\"wp-block-button__link has-accent-background-color has-background wp-element-button\" href=\"https:\/\/www.terminal-systems.de\/wp\/lager1\/lagerverwaltung-aktuell\/module20\/\">Module ansehen<\/a><\/div>\n\n\n\n<div class=\"wp-block-button\"><a class=\"wp-block-button__link has-accent-background-color has-background wp-element-button\" href=\"https:\/\/www.terminal-systems.de\/wp\/lager1\/lagerverwaltung-aktuell\/aewwslitepreise\/\">Preise und Lizenzmodelle<\/a><\/div>\n<\/div>\n\n\n\n<p class=\"has-text-align-left has-small-font-size\">Zur Download Seite. Keine Registrierung erforderlich.<\/p>\n<\/div><\/div>\n\n\n\n<h2 class=\"wp-block-heading\"><strong>Was du damit l\u00f6st<\/strong><\/h2>\n\n\n\n<div class=\"wp-block-columns is-layout-flex wp-container-core-columns-is-layout-9d6595d7 wp-block-columns-is-layout-flex\">\n<div class=\"wp-block-column is-layout-flow wp-block-column-is-layout-flow\"><style>.wp-block-kadence-advancedheading.kt-adv-heading18037_e3c466-12, .wp-block-kadence-advancedheading.kt-adv-heading18037_e3c466-12[data-kb-block=\"kb-adv-heading18037_e3c466-12\"]{font-style:normal;}.wp-block-kadence-advancedheading.kt-adv-heading18037_e3c466-12 mark.kt-highlight, .wp-block-kadence-advancedheading.kt-adv-heading18037_e3c466-12[data-kb-block=\"kb-adv-heading18037_e3c466-12\"] mark.kt-highlight{font-style:normal;color:#f76a0c;-webkit-box-decoration-break:clone;box-decoration-break:clone;padding-top:0px;padding-right:0px;padding-bottom:0px;padding-left:0px;}.wp-block-kadence-advancedheading.kt-adv-heading18037_e3c466-12 img.kb-inline-image, .wp-block-kadence-advancedheading.kt-adv-heading18037_e3c466-12[data-kb-block=\"kb-adv-heading18037_e3c466-12\"] img.kb-inline-image{width:150px;vertical-align:baseline;}<\/style>\n<h3 class=\"kt-adv-heading18037_e3c466-12 wp-block-kadence-advancedheading\" data-kb-block=\"kb-adv-heading18037_e3c466-12\"><strong>Bestand aktuell<\/strong><\/h3>\n\n\n\n<p>Du siehst jederzeit IST-Bestand je Artikel und Lagerort \u2013 inklusive Buchungshistorie (wann, was, wo, wieviel).<\/p>\n<\/div>\n\n\n\n<div class=\"wp-block-column is-layout-flow wp-block-column-is-layout-flow\"><style>.wp-block-kadence-advancedheading.kt-adv-heading18037_38d00d-38, .wp-block-kadence-advancedheading.kt-adv-heading18037_38d00d-38[data-kb-block=\"kb-adv-heading18037_38d00d-38\"]{font-style:normal;}.wp-block-kadence-advancedheading.kt-adv-heading18037_38d00d-38 mark.kt-highlight, .wp-block-kadence-advancedheading.kt-adv-heading18037_38d00d-38[data-kb-block=\"kb-adv-heading18037_38d00d-38\"] mark.kt-highlight{font-style:normal;color:#f76a0c;-webkit-box-decoration-break:clone;box-decoration-break:clone;padding-top:0px;padding-right:0px;padding-bottom:0px;padding-left:0px;}.wp-block-kadence-advancedheading.kt-adv-heading18037_38d00d-38 img.kb-inline-image, .wp-block-kadence-advancedheading.kt-adv-heading18037_38d00d-38[data-kb-block=\"kb-adv-heading18037_38d00d-38\"] img.kb-inline-image{width:150px;vertical-align:baseline;}<\/style>\n<h3 class=\"kt-adv-heading18037_38d00d-38 wp-block-kadence-advancedheading\" data-kb-block=\"kb-adv-heading18037_38d00d-38\"><strong>Warenbewegungen sauber<\/strong><\/h3>\n\n\n\n<p>Wareneingang\/-ausgang wird einfach gebucht, Werte werden sofort berechnet. Zusatzdaten wie Belege\/Nummern lassen sich mitf\u00fchren.<\/p>\n<\/div>\n\n\n\n<div class=\"wp-block-column is-layout-flow wp-block-column-is-layout-flow\"><style>.wp-block-kadence-advancedheading.kt-adv-heading18037_30d819-5f, .wp-block-kadence-advancedheading.kt-adv-heading18037_30d819-5f[data-kb-block=\"kb-adv-heading18037_30d819-5f\"]{font-style:normal;}.wp-block-kadence-advancedheading.kt-adv-heading18037_30d819-5f mark.kt-highlight, .wp-block-kadence-advancedheading.kt-adv-heading18037_30d819-5f[data-kb-block=\"kb-adv-heading18037_30d819-5f\"] mark.kt-highlight{font-style:normal;color:#f76a0c;-webkit-box-decoration-break:clone;box-decoration-break:clone;padding-top:0px;padding-right:0px;padding-bottom:0px;padding-left:0px;}.wp-block-kadence-advancedheading.kt-adv-heading18037_30d819-5f img.kb-inline-image, .wp-block-kadence-advancedheading.kt-adv-heading18037_30d819-5f[data-kb-block=\"kb-adv-heading18037_30d819-5f\"] img.kb-inline-image{width:150px;vertical-align:baseline;}<\/style>\n<h3 class=\"kt-adv-heading18037_30d819-5f wp-block-kadence-advancedheading\" data-kb-block=\"kb-adv-heading18037_30d819-5f\"><strong>Weniger Aufwand<\/strong><\/h3>\n\n\n\n<p>Filter, Schnellwahl, Listen und optional Barcode\/QR helfen, schneller zu finden, zu buchen und Fehler zu vermeiden.<\/p>\n<\/div>\n<\/div>\n\n\n\n<div class=\"wp-block-columns is-layout-flex wp-container-core-columns-is-layout-9d6595d7 wp-block-columns-is-layout-flex\">\n<div class=\"wp-block-column is-layout-flow wp-block-column-is-layout-flow\">\n<h3 class=\"wp-block-heading\"><strong>In 60 Sekunden verstehen:<\/strong><\/h3>\n\n\n\n<ul class=\"wp-block-list\">\n<li>Artikel &amp; Lagerorte anlegen<\/li>\n\n\n\n<li>Wareneingang \/ -ausgang buchen<\/li>\n\n\n\n<li>Bestand &amp; Historie sofort sehen<\/li>\n\n\n\n<li>Optional: Barcode, Inventur, Reporting, Schnittstellen<\/li>\n<\/ul>\n<\/div>\n\n\n\n<div class=\"wp-block-column is-layout-flow wp-block-column-is-layout-flow\">\n<figure data-wp-context=\"{&quot;imageId&quot;:&quot;69da0c49de18a&quot;}\" data-wp-interactive=\"core\/image\" data-wp-key=\"69da0c49de18a\" class=\"wp-block-image size-large wp-lightbox-container\"><img decoding=\"async\" data-wp-class--hide=\"state.isContentHidden\" data-wp-class--show=\"state.isContentVisible\" data-wp-init=\"callbacks.setButtonStyles\" data-wp-on--click=\"actions.showLightbox\" data-wp-on--load=\"callbacks.setButtonStyles\" data-wp-on-window--resize=\"callbacks.setButtonStyles\" src=\"https:\/\/www.terminal-systems.de\/images\/tabellehaupt.jpg\" alt=\"AE WWS Lite Benutzermaske f\u00fcr schnelle Buchungen\"\/><button\n\t\t\tclass=\"lightbox-trigger\"\n\t\t\ttype=\"button\"\n\t\t\taria-haspopup=\"dialog\"\n\t\t\taria-label=\"Vergr\u00f6\u00dfern\"\n\t\t\tdata-wp-init=\"callbacks.initTriggerButton\"\n\t\t\tdata-wp-on--click=\"actions.showLightbox\"\n\t\t\tdata-wp-style--right=\"state.imageButtonRight\"\n\t\t\tdata-wp-style--top=\"state.imageButtonTop\"\n\t\t>\n\t\t\t<svg xmlns=\"http:\/\/www.w3.org\/2000\/svg\" width=\"12\" height=\"12\" fill=\"none\" viewBox=\"0 0 12 12\">\n\t\t\t\t<path fill=\"#fff\" d=\"M2 0a2 2 0 0 0-2 2v2h1.5V2a.5.5 0 0 1 .5-.5h2V0H2Zm2 10.5H2a.5.5 0 0 1-.5-.5V8H0v2a2 2 0 0 0 2 2h2v-1.5ZM8 12v-1.5h2a.5.5 0 0 0 .5-.5V8H12v2a2 2 0 0 1-2 2H8Zm2-12a2 2 0 0 1 2 2v2h-1.5V2a.5.5 0 0 0-.5-.5H8V0h2Z\" \/>\n\t\t\t<\/svg>\n\t\t<\/button><\/figure>\n<\/div>\n<\/div>\n\n\n\n<div class=\"wp-block-columns is-layout-flex wp-container-core-columns-is-layout-9d6595d7 wp-block-columns-is-layout-flex\">\n<div class=\"wp-block-column is-layout-flow wp-block-column-is-layout-flow\">\n<div class=\"wp-block-columns is-layout-flex wp-container-core-columns-is-layout-9d6595d7 wp-block-columns-is-layout-flex\">\n<div class=\"wp-block-column is-layout-flow wp-block-column-is-layout-flow\">\n<h3 class=\"wp-block-heading\"><strong>Software AE WWS Lite<\/strong><\/h3>\n\n\n\n<p>\u221a Ideal f\u00fcr Artikel, Teile und Inventar.<br>\u221a In 10 Minuten eingerichtet.<br><strong>\u221a Keine Cloud, keine monatlichen Kosten.<\/strong><\/p>\n\n\n\n<p><strong>Funktionen<\/strong>: Bestandsf\u00fchrung, Lagerorte, Wareneingang, Inventur.<\/p>\n\n\n\n<p class=\"has-text-color has-link-color wp-elements-26594a5aac759404212298798e5123c5\" style=\"color:#fb0808\"><strong>Besonderheit: Kostenlos als STARTER Version f\u00fcr kleine Lager sofort zum Download!<\/strong><\/p>\n\n\n\n<div class=\"wp-block-buttons is-layout-flex wp-block-buttons-is-layout-flex\">\n<div class=\"wp-block-button\"><a class=\"wp-block-button__link has-accent-background-color has-background wp-element-button\" href=\"https:\/\/www.terminal-systems.de\/wp\/lager1\/lagerverwaltung-aktuell\/lagerverwaltung-software-download\/\">Zur Download Seite<\/a><\/div>\n<\/div>\n<\/div>\n\n\n\n<div class=\"wp-block-column is-layout-flow wp-block-column-is-layout-flow\">\n<h3 class=\"wp-block-heading\"><strong>AE WWS Lite SQL<\/strong><\/h3>\n\n\n\n<p>\u221a Skalierbar, Multiuser, SQL\u2011Backend f\u00fcr wachsende Anforderungen.<br><strong>\u221a Premium Version f\u00fcr Teams und gro\u00dfe Arbeitsgruppen.<\/strong><\/p>\n\n\n\n<p><strong>Funktionen<\/strong>: Mehrplatzbetrieb, Rechteverwaltung, Schnittstellen<\/p>\n\n\n\n<div class=\"wp-block-buttons is-layout-flex wp-block-buttons-is-layout-flex\">\n<div class=\"wp-block-button\"><a class=\"wp-block-button__link has-accent-background-color has-background wp-element-button\" href=\"https:\/\/www.terminal-systems.de\/wp\/lager1\/lagerverwaltung-aktuell\/lagerverwaltung-sql-erweiterung\/\">SQL Version: Mehr erfahren<\/a><\/div>\n<\/div>\n<\/div>\n\n\n\n<div class=\"wp-block-column is-layout-flow wp-block-column-is-layout-flow\">\n<h3 class=\"wp-block-heading\"><strong>Mobile Datenerfassung und Apps<\/strong><\/h3>\n\n\n\n<p>\u221a Handscanner, Tablet oder Smartphone<br>\u221a Mobil erfassen, sofort verbuchen.<\/p>\n\n\n\n<p><strong>Funktionen<\/strong>: Barcode\/QR, Offlinemodus, Kommissionierung<\/p>\n\n\n\n<div class=\"wp-block-buttons is-layout-flex wp-block-buttons-is-layout-flex\">\n<div class=\"wp-block-button\"><a class=\"wp-block-button__link has-accent-background-color has-background wp-element-button\" href=\"https:\/\/www.terminal-systems.de\/wp\/lager1\/lagerverwaltung-aktuell\/ae-wws-lite-externe-daten\/\">Mobil: Mehr erfahren<\/a><\/div>\n<\/div>\n<\/div>\n<\/div>\n<\/div>\n<\/div>\n\n\n\n<figure class=\"wp-block-image size-large is-resized\"><img decoding=\"async\" src=\"https:\/\/www.terminal-systems.de\/images\/TopologieAEWWSLite.jpg\" alt=\"AE WWS Lite im Unternehmen und Netzwerk\" style=\"width:875px;height:auto\"\/><\/figure>\n\n\n\n<div style=\"height:50px\" aria-hidden=\"true\" class=\"wp-block-spacer\"><\/div>\n\n\n\n<h2 class=\"wp-block-heading\"><strong>Preise und Lizenzmodelle<\/strong><\/h2>\n\n\n\n<div class=\"wp-block-buttons is-layout-flex wp-block-buttons-is-layout-flex\">\n<div class=\"wp-block-button\"><a class=\"wp-block-button__link has-accent-background-color has-background wp-element-button\" href=\"https:\/\/www.terminal-systems.de\/wp\/lager1\/lagerverwaltung-aktuell\/aewwslitepreise\/\">Preise und Lizenzen anzeigen<\/a><\/div>\n\n\n\n<div class=\"wp-block-button\"><a class=\"wp-block-button__link has-accent-background-color has-background wp-element-button\" href=\"https:\/\/www.terminal-systems.de\/wws-lager\/wwslite_features.pdf\" target=\"_blank\" rel=\"noreferrer noopener\">F\u00fcr Bestandskunden: Was hat sich ge\u00e4ndert?<\/a><\/div>\n<\/div>\n\n\n\n<div class=\"wp-block-group group-rahmen\"><div class=\"wp-block-group__inner-container is-layout-constrained wp-block-group-is-layout-constrained\">\n<h2 class=\"wp-block-heading\"><strong>H\u00e4ufige Fragen<\/strong><\/h2>\n\n\n\n<details class=\"wp-block-details is-layout-flow wp-block-details-is-layout-flow\"><summary>Ist AE WWS Lite eher f\u00fcr kleine Teams oder gro\u00dfe Unternehmen?<\/summary>\n<p>Ideal f\u00fcr kleine und mittlere Teams. In der XML Version trotz des <strong>gro\u00dfen Funktionsumfangs super leicht zu bedienen<\/strong> und einfach zu warten. <\/p>\n\n\n\n<p>F\u00fcr Mehrbenutzerbetrieb gibt\u2019s Netzwerk\/SQL-Varianten, die <strong>Daten auf SQL Server<\/strong> verwalten. Je nach Bedarf.<\/p>\n<\/details>\n\n\n\n<details class=\"wp-block-details is-layout-flow wp-block-details-is-layout-flow\"><summary>Kann ich von XML auf SQL umsteigen?<\/summary>\n<p>Ja, das ist problemlos m\u00f6glich. Du kannst mit <strong>XML beginnen und jederzeit auf SQL upgraden<\/strong>. <\/p>\n\n\n\n<p>Die notwendigen Routinen, um XML Tabellen direkt an deine SQL Server zu \u00fcbertragen sind bereits Bestandteil der Software und m\u00fcssen nur freigeschaltet werden. So kann deine Software mitwachsen, wenn du mehr ben\u00f6tigst.<\/p>\n<\/details>\n\n\n\n<details class=\"wp-block-details is-layout-flow wp-block-details-is-layout-flow\"><summary>Kann ich meine Lager Daten aus Excel \u00fcbernehmen?<\/summary>\n<p>Ja \u2013 je nach Setup per <strong>Import\/Export (XLS\/CSV)<\/strong> und \u00fcber Schnittstellen. Sag uns kurz, welche Daten du hast.<\/p>\n<\/details>\n\n\n\n<details class=\"wp-block-details is-layout-flow wp-block-details-is-layout-flow\"><summary>Gibt es Barcode\/QR-Unterst\u00fctzung?<\/summary>\n<p>Ja \u2013 Barcode-Eingaben sowie Etikettendruck (ZPL\/TPL) und QR-Codes sind je nach Modul verf\u00fcgbar.<\/p>\n<\/details>\n\n\n\n<details class=\"wp-block-details is-layout-flow wp-block-details-is-layout-flow\"><summary>Was ist der schnellste n\u00e4chste Schritt?<\/summary>\n<p>Klick auf &#8222;<strong>Starter Version kostenlos testen<\/strong>&#8220; oder \u201eDemo \/ Angebot anfragen\u201c und schick uns Artikelanzahl, Lagerorte und Nutzer. Du bekommst eine klare Empfehlung.<\/p>\n<\/details>\n\n\n\n<details class=\"wp-block-details is-layout-flow wp-block-details-is-layout-flow\"><summary>Kann ich auch mit Smartphone und Scanner mobil erfassen?<\/summary>\n<p>Ja, AE WWS Lite besitzt eine detaillierte Schnittstelle, um auch <strong>Buchungsdaten aus mobilen Ger\u00e4ten<\/strong> zu \u00fcbernehmen mit dem aktuellen Lagerbestand zu synchronisieren. Auch hier gilt: Alles <strong>ohne Cloud und ohne monatliche Kosten<\/strong>.<\/p>\n<\/details>\n\n\n\n<details class=\"wp-block-details is-layout-flow wp-block-details-is-layout-flow\"><summary>Ist die Starter Version wirklich kostenlos?<\/summary>\n<p>Ja, die Starter Version kannst du downloaden und unbegrenzt <strong>kostenlos einsetzen<\/strong>. Sie ist f\u00fcr kleine Lager bis ca. 150 Artikel geeignet und kann ohne Kosten und ohne Registrierung verwendet werden.<\/p>\n<\/details>\n<\/div><\/div>\n\n\n\n<div class=\"wp-block-columns is-layout-flex wp-container-core-columns-is-layout-9d6595d7 wp-block-columns-is-layout-flex\">\n<div class=\"wp-block-column is-layout-flow wp-block-column-is-layout-flow\"><\/div>\n\n\n\n<div class=\"wp-block-column is-layout-flow wp-block-column-is-layout-flow\">\n<figure class=\"wp-block-image size-large\"><a href=\"https:\/\/www.terminal-systems.de\/wp\/wp-content\/uploads\/2025\/05\/03-11-_2020_16-51-41-artikel-anlegen.mp4\" target=\"_blank\" rel=\" noreferrer noopener\"><img decoding=\"async\" src=\"https:\/\/www.terminal-systems.de\/images\/230510-videolagerx300x200.jpg\" alt=\"Video AE WWS Lite Einf\u00fchrung So leicht geht Buchen und Wareneingang\"\/><\/a><figcaption class=\"wp-element-caption\">So einfach gehts! Einf\u00fchrung in AE WWS Lite<\/figcaption><\/figure>\n\n\n\n<div class=\"wp-block-buttons is-layout-flex wp-block-buttons-is-layout-flex\">\n<div class=\"wp-block-button\"><a class=\"wp-block-button__link has-accent-background-color has-background wp-element-button\" href=\"https:\/\/www.terminal-systems.de\/wp\/wp-content\/uploads\/2025\/05\/03-11-_2020_16-51-41-artikel-anlegen.mp4\" target=\"_blank\" rel=\"noreferrer noopener\">Video ansehen<\/a><\/div>\n<\/div>\n<\/div>\n\n\n\n<div class=\"wp-block-column is-layout-flow wp-block-column-is-layout-flow\"><div class=\"wp-block-image\">\n<figure class=\"aligncenter size-large\"><img decoding=\"async\" src=\"https:\/\/www.terminal-systems.de\/wp\/wp-content\/uploads\/2019\/08\/silverstamp1x160.jpg\" alt=\"AE SYSTEME IT seit 1999\"\/><\/figure>\n<\/div><\/div>\n<\/div>\n\n\n\n<h2 class=\"wp-block-heading\"><strong>Mehr Informationen<\/strong><\/h2>\n\n\n\n<ul class=\"wp-block-list\">\n<li><a href=\"https:\/\/www.terminal-systems.de\/wp\/lager1\/lagerverwaltung-aktuell\/module20\/\">Module ansehen<\/a><\/li>\n\n\n\n<li><a href=\"https:\/\/www.terminal-systems.de\/wp\/lager1\/lagerverwaltung-aktuell\/ae-wws-lite-features\/\">Features und Datenfelder<\/a><\/li>\n\n\n\n<li><a href=\"https:\/\/www.terminal-systems.de\/wp\/lager1\/lagerverwaltung-aktuell\/\">Technische Dokumentation lesen<\/a> (Mehr)<\/li>\n\n\n\n<li><a href=\"https:\/\/www.terminal-systems.de\/wp\/lager1\/lagerverwaltung-aktuell\/aewwslite-dokucenter\/\">Doku Center f. Handb\u00fccher und Tutorials<\/a><\/li>\n<\/ul>\n\n\n\n<h2 class=\"wp-block-heading\"><strong>Bereit zum Starten?<\/strong><\/h2>\n\n\n\n<div class=\"wp-block-columns is-layout-flex wp-container-core-columns-is-layout-9d6595d7 wp-block-columns-is-layout-flex\">\n<div class=\"wp-block-column is-layout-flow wp-block-column-is-layout-flow\">\n<div class=\"wp-block-buttons is-layout-flex wp-block-buttons-is-layout-flex\">\n<div class=\"wp-block-button\"><a class=\"wp-block-button__link has-accent-background-color has-background wp-element-button\" href=\"https:\/\/www.terminal-systems.de\/wp\/lager1\/lagerverwaltung-aktuell\/lagerverwaltung-software-download\/\">Kostenlose Starter Version probieren<\/a><\/div>\n<\/div>\n\n\n\n<p class=\"has-small-font-size\">Zur Download Seite. Keine Registrierung erforderlich.<\/p>\n<\/div>\n\n\n\n<div class=\"wp-block-column is-layout-flow wp-block-column-is-layout-flow\">\n<div class=\"wp-block-buttons is-layout-flex wp-block-buttons-is-layout-flex\">\n<div class=\"wp-block-button\"><a class=\"wp-block-button__link has-accent-background-color has-background wp-element-button\" href=\"https:\/\/www.terminal-systems.de\/wp\/kontakt\/\">Online Pr\u00e4sentation anfragen<\/a><\/div>\n<\/div>\n\n\n\n<p class=\"has-small-font-size\">Kostenlose Beratung von unseren Experten<\/p>\n<\/div>\n\n\n\n<div class=\"wp-block-column is-layout-flow wp-block-column-is-layout-flow\"><\/div>\n<\/div>\n","protected":false},"excerpt":{"rendered":"<p>Lagerverwaltung, die du sofort im Griff hast. Nie wieder Chaos im Lager. Behalte jederzeit den \u00dcberblick \u00fcber deine Best\u00e4nde \u2013 schnell, einfach und ohne Excel-Frust. Kennst du das? \ud83d\udc49 Dann brauchst du keine Tabellen mehr \u2013 sondern Struktur. Mit AE WWS Lite hast du alles im Griff: Das bringt dir konkret: \ud83d\udc49Spart Zeit. Spart Geld. &#8230; <a title=\"AEWWSLite\" class=\"read-more\" href=\"https:\/\/www.terminal-systems.de\/wp\/lager1\/lagerverwaltungaewwslite\/\" aria-label=\"Mehr dazu unter AEWWSLite\">Weiterlesen<\/a><\/p>\n","protected":false},"author":2,"featured_media":0,"parent":2543,"menu_order":0,"comment_status":"closed","ping_status":"closed","template":"","meta":{"footnotes":""},"class_list":["post-18037","page","type-page","status-publish"],"_links":{"self":[{"href":"https:\/\/www.terminal-systems.de\/wp\/wp-json\/wp\/v2\/pages\/18037","targetHints":{"allow":["GET"]}}],"collection":[{"href":"https:\/\/www.terminal-systems.de\/wp\/wp-json\/wp\/v2\/pages"}],"about":[{"href":"https:\/\/www.terminal-systems.de\/wp\/wp-json\/wp\/v2\/types\/page"}],"author":[{"embeddable":true,"href":"https:\/\/www.terminal-systems.de\/wp\/wp-json\/wp\/v2\/users\/2"}],"replies":[{"embeddable":true,"href":"https:\/\/www.terminal-systems.de\/wp\/wp-json\/wp\/v2\/comments?post=18037"}],"version-history":[{"count":2,"href":"https:\/\/www.terminal-systems.de\/wp\/wp-json\/wp\/v2\/pages\/18037\/revisions"}],"predecessor-version":[{"id":18654,"href":"https:\/\/www.terminal-systems.de\/wp\/wp-json\/wp\/v2\/pages\/18037\/revisions\/18654"}],"up":[{"embeddable":true,"href":"https:\/\/www.terminal-systems.de\/wp\/wp-json\/wp\/v2\/pages\/2543"}],"wp:attachment":[{"href":"https:\/\/www.terminal-systems.de\/wp\/wp-json\/wp\/v2\/media?parent=18037"}],"curies":[{"name":"wp","href":"https:\/\/api.w.org\/{rel}","templated":true}]}}